{"id":87,"date":"2026-02-04T11:33:31","date_gmt":"2026-02-04T11:33:31","guid":{"rendered":"https:\/\/gracious-jones.94-143-138-146.plesk.page\/?page_id=87"},"modified":"2026-03-12T10:49:13","modified_gmt":"2026-03-12T10:49:13","slug":"page-a-propos","status":"publish","type":"page","link":"https:\/\/gracious-jones.94-143-138-146.plesk.page\/index.php\/page-a-propos\/","title":{"rendered":"Page \u00e0 propos"},"content":{"rendered":"","protected":false},"excerpt":{"rendered":"","protected":false},"author":1,"featured_media":0,"parent":0,"menu_order":0,"comment_status":"closed","ping_status":"closed","template":"","meta":{"_acf_changed":false,"footnotes":""},"class_list":["post-87","page","type-page","status-publish","hentry"],"acf":{"hero":{"title_fr":"ICR Expo,  en quelques mots","title_en":"lorem ipsum dolor sit amet","description_fr":"Depuis plus de 10 ans, ICR\u2011Expo imagine, con\u00e7oit et r\u00e9alise des stands, chalets et structures \u00e9v\u00e9nementielles sur mesure, en France comme \u00e0 l\u2019\u00e9tranger.\u2028 Implant\u00e9e \u00e0 Toulouse, au c\u0153ur de l\u2019industrie a\u00e9ronautique, notre \u00e9quipe pluridisciplinaire vous accompagne \u00e0 chaque \u00e9tape : design, production, logistique, montage et assistance sur site.\r\nNous mettons notre savoir-faire et notre sens du d\u00e9tail au service de vos \u00e9v\u00e9nements professionnels, salons, expositions ou projets sur-mesure. Notre objectif : transformer vos id\u00e9es en espaces uniques, fonctionnels et impactants.","description_en":"lorem ipsum dolor sit amet"},"section_description":{"main_image":259,"subtitle_fr":"Des stands pens\u00e9s sur mesure pour nos clients","subtitle_en":"lorem ipsum dolor sit amet","description_fr":"Chez ICR Expo, chaque stand est con\u00e7u comme une cr\u00e9ation unique, pens\u00e9e pour r\u00e9pondre pr\u00e9cis\u00e9ment aux besoins de nos clients. Notre approche sur mesure int\u00e8gre \u00e9coute, cr\u00e9ativit\u00e9 et ma\u00eetrise technique pour transformer chaque projet en un espace \u00e0 fort impact visuel et strat\u00e9gique. Alliant modernit\u00e9, originalit\u00e9 et fonctionnalit\u00e9, nos stands incarnent l\u2019identit\u00e9 de chaque marque tout en garantissant une exp\u00e9rience immersive et m\u00e9morable. Rien n\u2019est laiss\u00e9 au hasard : chaque d\u00e9tail est r\u00e9fl\u00e9chi pour offrir une pr\u00e9sence marquante sur les salons, en France comme \u00e0 l\u2019international.","description_en":"lorem ipsum dolor sit amet","values":[{"value":"100%","subline_fr":"L\u2019originalit\u00e9 que nous mettons dans votre projet.","subline_en":"lorem ipsum dolor sit amet"},{"value":"5","subline_fr":"Les pays o\u00f9 nous avons expos\u00e9","subline_en":"lorem ipsum dolor sit amet"}]},"membres":{"title_fr":"Pr\u00e9sentation des membres","title_en":"lorem ipsum dolor sit amet","items":[{"photo":103,"name":"Vincent Justin","poste":"CEO"},{"photo":259,"name":"Justin Vincent","poste":"CHO"},{"photo":103,"name":"Philippe Vilarinho","poste":"CTO"},{"photo":259,"name":"John Doe","poste":"Commercial"},{"photo":103,"name":"Plus d'id\u00e9e","poste":"Assistant commercial"}]},"collaboration":{"title_fr":"Comment \u00e7a marche ","title_en":"Titre en en","description_fr":"avec ICR\u2011EXPO, c\u2019est b\u00e9n\u00e9ficier d\u2019un accompagnement structur\u00e9 et sur mesure, de la premi\u00e8re prise de contact jusqu\u2019\u00e0 la livraison du stand. Voici les grandes \u00e9tapes de notre processus :","description_en":"Description en","steps":[{"title_fr":"Prise de contact & brief initial","title_en":"lorem ipsum dolor sit amet","description_fr":"Le montage sur site \u00e0 ICR EXPO consiste \u00e0 installer et assembler tous les \u00e9l\u00e9ments du stand directement sur le salon : structure, visuels, mobilier et \u00e9quipements \u00e9lectriques. L\u2019\u00e9quipe veille au respect des normes de s\u00e9curit\u00e9, effectue les derniers r\u00e9glages et proc\u00e8de au nettoyage final avant validation.","description_en":"lorem ipsum dolor sit amet"},{"title_fr":"Conception & design personnalis\u00e9","title_en":"lorem ipsum dolor sit amet","description_fr":"Le montage sur site \u00e0 ICR EXPO consiste \u00e0 installer et assembler tous les \u00e9l\u00e9ments du stand directement sur le salon : structure, visuels, mobilier et \u00e9quipements \u00e9lectriques. L\u2019\u00e9quipe veille au respect des normes de s\u00e9curit\u00e9, effectue les derniers r\u00e9glages et proc\u00e8de au nettoyage final avant validation.","description_en":"lorem ipsum dolor sit amet"},{"title_fr":"Validation & ajustements","title_en":"lorem ipsum dolor sit amet","description_fr":"Le montage sur site \u00e0 ICR EXPO consiste \u00e0 installer et assembler tous les \u00e9l\u00e9ments du stand directement sur le salon : structure, visuels, mobilier et \u00e9quipements \u00e9lectriques. L\u2019\u00e9quipe veille au respect des normes de s\u00e9curit\u00e9, effectue les derniers r\u00e9glages et proc\u00e8de au nettoyage final avant validation.","description_en":"lorem ipsum dolor sit amet"},{"title_fr":"Prise de contact & brief initial","title_en":"lorem ipsum dolor sit amet","description_fr":"Le montage sur site \u00e0 ICR EXPO consiste \u00e0 installer et assembler tous les \u00e9l\u00e9ments du stand directement sur le salon : structure, visuels, mobilier et \u00e9quipements \u00e9lectriques. L\u2019\u00e9quipe veille au respect des normes de s\u00e9curit\u00e9, effectue les derniers r\u00e9glages et proc\u00e8de au nettoyage final avant validation.","description_en":"lorem ipsum dolor sit amet"}]}},"_links":{"self":[{"href":"https:\/\/gracious-jones.94-143-138-146.plesk.page\/index.php\/wp-json\/wp\/v2\/pages\/87","targetHints":{"allow":["GET"]}}],"collection":[{"href":"https:\/\/gracious-jones.94-143-138-146.plesk.page\/index.php\/wp-json\/wp\/v2\/pages"}],"about":[{"href":"https:\/\/gracious-jones.94-143-138-146.plesk.page\/index.php\/wp-json\/wp\/v2\/types\/page"}],"author":[{"embeddable":true,"href":"https:\/\/gracious-jones.94-143-138-146.plesk.page\/index.php\/wp-json\/wp\/v2\/users\/1"}],"replies":[{"embeddable":true,"href":"https:\/\/gracious-jones.94-143-138-146.plesk.page\/index.php\/wp-json\/wp\/v2\/comments?post=87"}],"version-history":[{"count":9,"href":"https:\/\/gracious-jones.94-143-138-146.plesk.page\/index.php\/wp-json\/wp\/v2\/pages\/87\/revisions"}],"predecessor-version":[{"id":274,"href":"https:\/\/gracious-jones.94-143-138-146.plesk.page\/index.php\/wp-json\/wp\/v2\/pages\/87\/revisions\/274"}],"wp:attachment":[{"href":"https:\/\/gracious-jones.94-143-138-146.plesk.page\/index.php\/wp-json\/wp\/v2\/media?parent=87"}],"curies":[{"name":"wp","href":"https:\/\/api.w.org\/{rel}","templated":true}]}}