{"id":85,"date":"2026-02-04T11:33:03","date_gmt":"2026-02-04T11:33:03","guid":{"rendered":"https:\/\/gracious-jones.94-143-138-146.plesk.page\/?page_id=85"},"modified":"2026-02-06T12:46:48","modified_gmt":"2026-02-06T12:46:48","slug":"page-portfolio","status":"publish","type":"page","link":"https:\/\/gracious-jones.94-143-138-146.plesk.page\/index.php\/page-portfolio\/","title":{"rendered":"Page portfolio"},"content":{"rendered":"","protected":false},"excerpt":{"rendered":"","protected":false},"author":1,"featured_media":0,"parent":0,"menu_order":0,"comment_status":"closed","ping_status":"closed","template":"","meta":{"_acf_changed":false,"footnotes":""},"class_list":["post-85","page","type-page","status-publish","hentry"],"acf":{"hero":{"title_fr":"Nos diff\u00e9rents projets","title_en":"lorem ipsum dolor sit amet","description_fr":"Depuis plus de dix ans, ICR\u2011EXPO accompagne ses clients dans la r\u00e9alisation de projets d\u2019envergure sur les plus grands salons internationaux, notamment dans les secteurs de l\u2019a\u00e9ronautique et de l\u2019industrie. De la conception sur mesure \u00e0 la production, jusqu\u2019\u00e0 l\u2019installation compl\u00e8te de stands et d\u2019espaces \u00e9v\u00e9nementiels, l\u2019\u00e9quipe met son expertise au service d\u2019une ex\u00e9cution sans faille, en France comme \u00e0 l\u2019\u00e9tranger. Gr\u00e2ce \u00e0 un r\u00e9seau de partenaires internationaux et \u00e0 une attention particuli\u00e8re port\u00e9e aux d\u00e9tails, \u00e0 la qualit\u00e9 des mat\u00e9riaux et au respect de l\u2019image de marque des exposants, ICR\u2011EXPO a su concr\u00e9tiser des projets ambitieux sur des salons tels que Le Bourget, Gen\u00e8ve, Singapour ou encore Duba\u00ef. Engag\u00e9e dans une d\u00e9marche innovante et responsable, l\u2019entreprise int\u00e8gre \u00e9galement des solutions durables dans chacune de ses r\u00e9alisations.","description_en":"lorem ipsum dolor sit amet"}},"_links":{"self":[{"href":"https:\/\/gracious-jones.94-143-138-146.plesk.page\/index.php\/wp-json\/wp\/v2\/pages\/85","targetHints":{"allow":["GET"]}}],"collection":[{"href":"https:\/\/gracious-jones.94-143-138-146.plesk.page\/index.php\/wp-json\/wp\/v2\/pages"}],"about":[{"href":"https:\/\/gracious-jones.94-143-138-146.plesk.page\/index.php\/wp-json\/wp\/v2\/types\/page"}],"author":[{"embeddable":true,"href":"https:\/\/gracious-jones.94-143-138-146.plesk.page\/index.php\/wp-json\/wp\/v2\/users\/1"}],"replies":[{"embeddable":true,"href":"https:\/\/gracious-jones.94-143-138-146.plesk.page\/index.php\/wp-json\/wp\/v2\/comments?post=85"}],"version-history":[{"count":2,"href":"https:\/\/gracious-jones.94-143-138-146.plesk.page\/index.php\/wp-json\/wp\/v2\/pages\/85\/revisions"}],"predecessor-version":[{"id":256,"href":"https:\/\/gracious-jones.94-143-138-146.plesk.page\/index.php\/wp-json\/wp\/v2\/pages\/85\/revisions\/256"}],"wp:attachment":[{"href":"https:\/\/gracious-jones.94-143-138-146.plesk.page\/index.php\/wp-json\/wp\/v2\/media?parent=85"}],"curies":[{"name":"wp","href":"https:\/\/api.w.org\/{rel}","templated":true}]}}