{"id":10,"date":"2026-02-04T10:12:03","date_gmt":"2026-02-04T10:12:03","guid":{"rendered":"https:\/\/gracious-jones.94-143-138-146.plesk.page\/?page_id=10"},"modified":"2026-03-23T14:56:23","modified_gmt":"2026-03-23T14:56:23","slug":"page-daccueil","status":"publish","type":"page","link":"https:\/\/gracious-jones.94-143-138-146.plesk.page\/index.php\/page-daccueil\/","title":{"rendered":"Page d&rsquo;accueil"},"content":{"rendered":"","protected":false},"excerpt":{"rendered":"","protected":false},"author":1,"featured_media":0,"parent":0,"menu_order":0,"comment_status":"closed","ping_status":"closed","template":"","meta":{"_acf_changed":false,"footnotes":""},"class_list":["post-10","page","type-page","status-publish","hentry"],"acf":{"hero":{"description_fr":"ICR-Expo, fond\u00e9e en 2012 \u00e0 Toulouse, accompagne vos projets de A \u00e0 Z avec une \u00e9quipe experte.\u2028De la conception \u00e0 l\u2019installation, nous garantissons des solutions sur mesure, alliant qualit\u00e9 et souci du d\u00e9tail.","description_en":"lorem ipsum dolor sit amet"},"description":{"title_fr":"Cr\u00e9ateurs d\u2019espaces sur mesure pour  vos \u00e9v\u00e9nements","title_en":"lorem ipsum dolor sit amet","description_fr":"Depuis plus de 10 ans, ICR\u2011Expo imagine, con\u00e7oit et r\u00e9alise des stands, chalets et structures \u00e9v\u00e9nementielles sur mesure, en France comme \u00e0 l\u2019\u00e9tranger.\u2028 Implant\u00e9e \u00e0 Toulouse, au c\u0153ur de l\u2019industrie a\u00e9ronautique, notre \u00e9quipe pluridisciplinaire vous accompagne \u00e0 chaque \u00e9tape : design, production, logistique, montage et assistance sur site.\r\nNous mettons notre savoir-faire et notre sens du d\u00e9tail au service de vos \u00e9v\u00e9nements professionnels, salons, expositions ou projets sur-mesure. Notre objectif : transformer vos id\u00e9es en espaces uniques, fonctionnels et impactants.","description_en":"lorem ipsum dolor sit amet"},"prestations":{"subtitle_fr":"De la conception \u00e0 la livraison :  notre m\u00e9thode pour donner vie \u00e0 vos projets","subtitle_en":"lorem ipsum dolor sit amet","items":[{"name_fr":"Inovation","name_en":"lorem ipsum dolor sit amet","image":103,"description_fr":"Nous donnons vie \u00e0 la vision de nos clients gr\u00e2ce \u00e0 des concepts innovants et des cr\u00e9ations sur mesure. Chaque stand que nous concevons refl\u00e8te fid\u00e8lement leur identit\u00e9 et leurs valeurs, tout en offrant une exp\u00e9rience m\u00e9morable aux visiteurs.\u2028 Engag\u00e9s dans une d\u00e9marche de d\u00e9veloppement durable, nous int\u00e9grons des pratiques responsables d\u00e8s la phase de conception de nos espaces.","description_en":"lorem ipsum dolor sit amet"},{"name_fr":"Cr\u00e9ation","name_en":"lorem ipsum dolor sit amet","image":103,"description_fr":"Nous donnons vie \u00e0 la vision de nos clients gr\u00e2ce \u00e0 des concepts innovants et des cr\u00e9ations sur mesure. Chaque stand que nous concevons refl\u00e8te fid\u00e8lement leur identit\u00e9 et leurs valeurs, tout en offrant une exp\u00e9rience m\u00e9morable aux visiteurs.\u2028 Engag\u00e9s dans une d\u00e9marche de d\u00e9veloppement durable, nous int\u00e9grons des pratiques responsables d\u00e8s la phase de conception de nos espaces.","description_en":"lorem ipsum dolor sit amet"},{"name_fr":"R\u00e9alisation","name_en":"lorem ipsum dolor sit amet","image":103,"description_fr":"Nous donnons vie \u00e0 la vision de nos clients gr\u00e2ce \u00e0 des concepts innovants et des cr\u00e9ations sur mesure. Chaque stand que nous concevons refl\u00e8te fid\u00e8lement leur identit\u00e9 et leurs valeurs, tout en offrant une exp\u00e9rience m\u00e9morable aux visiteurs.\u2028 Engag\u00e9s dans une d\u00e9marche de d\u00e9veloppement durable, nous int\u00e9grons des pratiques responsables d\u00e8s la phase de conception de nos espaces.","description_en":"lorem ipsum dolor sit amet"}]},"secteur":{"title_fr":"L\u2019aviation : un secteur qui inspire et \u00e9merveille","title_en":"lorem ipsum dolor sit amet","subtitle_fr":"Au service de l\u2019aviation, \u00e0 travers la cr\u00e9ation et l\u2019accompagnement de nombreux stands.","subtitle_en":"lorem ipsum dolor sit amet","description_fr":"Depuis sa cr\u00e9ation \u00e0 Toulouse, au c\u0153ur de l\u2019industrie a\u00e9ronautique, ICR Expo accompagne de nombreux acteurs du secteur \u00e0 travers la conception, la r\u00e9alisation et le suivi de stands sur mesure. Parmi les salons majeurs o\u00f9 ses r\u00e9alisations sont visibles, on retrouve le Salon International de l\u2019A\u00e9ronautique et de l\u2019Espace (SIAE), qui se tiendra du 16 au 22 juin 2025 au Parc des Expositions de Paris-Le Bourget. Ce rendez-vous incontournable r\u00e9unit des centaines d\u2019a\u00e9ronefs, ainsi que des exposants venus de plus de 50 pays...","description_en":"lorem ipsum dolor sit amet","values":[{"value":"53","baseline_fr":"nombre de stands mont\u00e9s","baseline_en":"lorem ipsum dolor sit amet"},{"value":"90%","baseline_fr":"Notre pr\u00e9sence sur les diff\u00e9rents salons de l\u2019a\u00e9ronautique tout au long de l\u2019ann\u00e9e","baseline_en":"lorem ipsum dolor sit amet"},{"value":"12","baseline_fr":"Salons couverts \u00e0 ce jour","baseline_en":"lorem ipsum dolor sit amet"}],"image_secteur":259},"references":{"title_fr":"Quelques-unes de nos r\u00e9f\u00e9rences","title_en":"lorem ipsum dolor sit amet","items":[{"logo":277,"lien_du_site":"https:\/\/www.airbus.com\/fr\/about-us\/our-worldwide-presence\/airbus-in-europe\/airbus-en-france","description_fr":"Lorem Ipsum\u00a0is simply dummy text of the prin","description_en":"lorem ipsum dolor sit amet"},{"logo":278,"lien_du_site":"https:\/\/www.airbus.com\/fr\/about-us\/our-worldwide-presence\/airbus-in-europe\/airbus-en-france","description_fr":"Lorem Ipsum\u00a0is simply dummy text of the prin","description_en":"lorem ipsum dolor sit amet"},{"logo":279,"lien_du_site":"https:\/\/www.airbus.com\/fr\/about-us\/our-worldwide-presence\/airbus-in-europe\/airbus-en-france","description_fr":"Lorem Ipsum\u00a0is simply dummy text of the prin","description_en":"lorem ipsum dolor sit amet"},{"logo":280,"lien_du_site":"https:\/\/www.airbus.com\/fr\/about-us\/our-worldwide-presence\/airbus-in-europe\/airbus-en-france","description_fr":"Lorem Ipsum\u00a0is simply dummy text of the prin","description_en":"lorem ipsum dolor sit amet"},{"logo":281,"lien_du_site":"","description_fr":"","description_en":""},{"logo":282,"lien_du_site":"","description_fr":"","description_en":""},{"logo":283,"lien_du_site":"","description_fr":"","description_en":""},{"logo":284,"lien_du_site":"","description_fr":"","description_en":""}]}},"_links":{"self":[{"href":"https:\/\/gracious-jones.94-143-138-146.plesk.page\/index.php\/wp-json\/wp\/v2\/pages\/10","targetHints":{"allow":["GET"]}}],"collection":[{"href":"https:\/\/gracious-jones.94-143-138-146.plesk.page\/index.php\/wp-json\/wp\/v2\/pages"}],"about":[{"href":"https:\/\/gracious-jones.94-143-138-146.plesk.page\/index.php\/wp-json\/wp\/v2\/types\/page"}],"author":[{"embeddable":true,"href":"https:\/\/gracious-jones.94-143-138-146.plesk.page\/index.php\/wp-json\/wp\/v2\/users\/1"}],"replies":[{"embeddable":true,"href":"https:\/\/gracious-jones.94-143-138-146.plesk.page\/index.php\/wp-json\/wp\/v2\/comments?post=10"}],"version-history":[{"count":26,"href":"https:\/\/gracious-jones.94-143-138-146.plesk.page\/index.php\/wp-json\/wp\/v2\/pages\/10\/revisions"}],"predecessor-version":[{"id":285,"href":"https:\/\/gracious-jones.94-143-138-146.plesk.page\/index.php\/wp-json\/wp\/v2\/pages\/10\/revisions\/285"}],"wp:attachment":[{"href":"https:\/\/gracious-jones.94-143-138-146.plesk.page\/index.php\/wp-json\/wp\/v2\/media?parent=10"}],"curies":[{"name":"wp","href":"https:\/\/api.w.org\/{rel}","templated":true}]}}